{"id":26,"date":"2025-12-05T17:34:22","date_gmt":"2025-12-05T17:34:22","guid":{"rendered":"https:\/\/enriquebonetlh.com\/index.php\/workshop\/"},"modified":"2025-12-19T18:00:41","modified_gmt":"2025-12-19T18:00:41","slug":"elaboracion","status":"publish","type":"page","link":"https:\/\/enriquebonetlh.com\/index.php\/elaboracion\/","title":{"rendered":"Elaboraci\u00f3n"},"content":{"rendered":"\t\t<div data-elementor-type=\"wp-page\" data-elementor-id=\"26\" class=\"elementor elementor-26\" data-elementor-post-type=\"page\">\n\t\t\t\t<div class=\"elementor-element elementor-element-1c0e37ce e-flex e-con-boxed e-con e-parent\" data-id=\"1c0e37ce\" data-element_type=\"container\" data-e-type=\"container\">\n\t\t\t\t\t<div class=\"e-con-inner\">\n\t\t\t\t<div class=\"elementor-element elementor-element-2e7f0d4d elementor-nav-menu__align-start elementor-nav-menu--dropdown-tablet elementor-nav-menu__text-align-aside elementor-nav-menu--toggle elementor-nav-menu--burger elementor-widget elementor-widget-nav-menu\" data-id=\"2e7f0d4d\" data-element_type=\"widget\" data-e-type=\"widget\" data-settings=\"{&quot;layout&quot;:&quot;horizontal&quot;,&quot;submenu_icon&quot;:{&quot;value&quot;:&quot;&lt;svg aria-hidden=\\&quot;true\\&quot; class=\\&quot;e-font-icon-svg e-fas-caret-down\\&quot; viewBox=\\&quot;0 0 320 512\\&quot; xmlns=\\&quot;http:\\\/\\\/www.w3.org\\\/2000\\\/svg\\&quot;&gt;&lt;path d=\\&quot;M31.3 192h257.3c17.8 0 26.7 21.5 14.1 34.1L174.1 354.8c-7.8 7.8-20.5 7.8-28.3 0L17.2 226.1C4.6 213.5 13.5 192 31.3 192z\\&quot;&gt;&lt;\\\/path&gt;&lt;\\\/svg&gt;&quot;,&quot;library&quot;:&quot;fa-solid&quot;},&quot;toggle&quot;:&quot;burger&quot;}\" data-widget_type=\"nav-menu.default\">\n\t\t\t\t\t\t\t\t<nav aria-label=\"Menu\" class=\"elementor-nav-menu--main elementor-nav-menu__container elementor-nav-menu--layout-horizontal e--pointer-underline e--animation-fade\">\n\t\t\t\t<ul id=\"menu-1-2e7f0d4d\" class=\"elementor-nav-menu\"><li class=\"menu-item menu-item-type-post_type menu-item-object-page menu-item-home menu-item-69\"><a href=\"https:\/\/enriquebonetlh.com\/\" class=\"elementor-item\">Inicio<\/a><\/li>\n<li class=\"menu-item menu-item-type-post_type menu-item-object-page menu-item-70\"><a href=\"https:\/\/enriquebonetlh.com\/index.php\/la-persona\/\" class=\"elementor-item\">La Persona<\/a><\/li>\n<li class=\"menu-item menu-item-type-post_type menu-item-object-page menu-item-159\"><a href=\"https:\/\/enriquebonetlh.com\/index.php\/elvinedo\/\" class=\"elementor-item\">El vi\u00f1edo<\/a><\/li>\n<li class=\"menu-item menu-item-type-post_type menu-item-object-page menu-item-160\"><a href=\"https:\/\/enriquebonetlh.com\/index.php\/elsuelo\/\" class=\"elementor-item\">El suelo<\/a><\/li>\n<li class=\"menu-item menu-item-type-post_type menu-item-object-page menu-item-161\"><a href=\"https:\/\/enriquebonetlh.com\/index.php\/lavendimia\/\" class=\"elementor-item\">La Vendimia<\/a><\/li>\n<li class=\"menu-item menu-item-type-post_type menu-item-object-page menu-item-162\"><a href=\"https:\/\/enriquebonetlh.com\/index.php\/elaboracion\/\" class=\"elementor-item\">Elaboraci\u00f3n<\/a><\/li>\n<li class=\"menu-item menu-item-type-post_type menu-item-object-page menu-item-276\"><a href=\"https:\/\/enriquebonetlh.com\/index.php\/el-vino\/\" class=\"elementor-item\">El Vino<\/a><\/li>\n<li class=\"menu-item menu-item-type-post_type menu-item-object-page menu-item-71\"><a href=\"https:\/\/enriquebonetlh.com\/index.php\/contacto\/\" class=\"elementor-item\">Contacto<\/a><\/li>\n<li class=\"menu-item menu-item-type-post_type menu-item-object-page menu-item-297\"><a href=\"https:\/\/enriquebonetlh.com\/index.php\/noticias\/\" class=\"elementor-item\">Noticias<\/a><\/li>\n<\/ul>\t\t\t<\/nav>\n\t\t\t\t\t<div class=\"elementor-menu-toggle\" role=\"button\" tabindex=\"0\" aria-label=\"Menu Toggle\" aria-expanded=\"false\">\n\t\t\t<svg aria-hidden=\"true\" role=\"presentation\" class=\"elementor-menu-toggle__icon--open e-font-icon-svg e-eicon-menu-bar\" viewBox=\"0 0 1000 1000\" xmlns=\"http:\/\/www.w3.org\/2000\/svg\"><path d=\"M104 333H896C929 333 958 304 958 271S929 208 896 208H104C71 208 42 237 42 271S71 333 104 333ZM104 583H896C929 583 958 554 958 521S929 458 896 458H104C71 458 42 487 42 521S71 583 104 583ZM104 833H896C929 833 958 804 958 771S929 708 896 708H104C71 708 42 737 42 771S71 833 104 833Z\"><\/path><\/svg><svg aria-hidden=\"true\" role=\"presentation\" class=\"elementor-menu-toggle__icon--close e-font-icon-svg e-eicon-close\" viewBox=\"0 0 1000 1000\" xmlns=\"http:\/\/www.w3.org\/2000\/svg\"><path d=\"M742 167L500 408 258 167C246 154 233 150 217 150 196 150 179 158 167 167 154 179 150 196 150 212 150 229 154 242 171 254L408 500 167 742C138 771 138 800 167 829 196 858 225 858 254 829L496 587 738 829C750 842 767 846 783 846 800 846 817 842 829 829 842 817 846 804 846 783 846 767 842 750 829 737L588 500 833 258C863 229 863 200 833 171 804 137 775 137 742 167Z\"><\/path><\/svg>\t\t<\/div>\n\t\t\t\t\t<nav class=\"elementor-nav-menu--dropdown elementor-nav-menu__container\" aria-hidden=\"true\">\n\t\t\t\t<ul id=\"menu-2-2e7f0d4d\" class=\"elementor-nav-menu\"><li class=\"menu-item menu-item-type-post_type menu-item-object-page menu-item-home menu-item-69\"><a href=\"https:\/\/enriquebonetlh.com\/\" class=\"elementor-item\" tabindex=\"-1\">Inicio<\/a><\/li>\n<li class=\"menu-item menu-item-type-post_type menu-item-object-page menu-item-70\"><a href=\"https:\/\/enriquebonetlh.com\/index.php\/la-persona\/\" class=\"elementor-item\" tabindex=\"-1\">La Persona<\/a><\/li>\n<li class=\"menu-item menu-item-type-post_type menu-item-object-page menu-item-159\"><a href=\"https:\/\/enriquebonetlh.com\/index.php\/elvinedo\/\" class=\"elementor-item\" tabindex=\"-1\">El vi\u00f1edo<\/a><\/li>\n<li class=\"menu-item menu-item-type-post_type menu-item-object-page menu-item-160\"><a href=\"https:\/\/enriquebonetlh.com\/index.php\/elsuelo\/\" class=\"elementor-item\" tabindex=\"-1\">El suelo<\/a><\/li>\n<li class=\"menu-item menu-item-type-post_type menu-item-object-page menu-item-161\"><a href=\"https:\/\/enriquebonetlh.com\/index.php\/lavendimia\/\" class=\"elementor-item\" tabindex=\"-1\">La Vendimia<\/a><\/li>\n<li class=\"menu-item menu-item-type-post_type menu-item-object-page menu-item-162\"><a href=\"https:\/\/enriquebonetlh.com\/index.php\/elaboracion\/\" class=\"elementor-item\" tabindex=\"-1\">Elaboraci\u00f3n<\/a><\/li>\n<li class=\"menu-item menu-item-type-post_type menu-item-object-page menu-item-276\"><a href=\"https:\/\/enriquebonetlh.com\/index.php\/el-vino\/\" class=\"elementor-item\" tabindex=\"-1\">El Vino<\/a><\/li>\n<li class=\"menu-item menu-item-type-post_type menu-item-object-page menu-item-71\"><a href=\"https:\/\/enriquebonetlh.com\/index.php\/contacto\/\" class=\"elementor-item\" tabindex=\"-1\">Contacto<\/a><\/li>\n<li class=\"menu-item menu-item-type-post_type menu-item-object-page menu-item-297\"><a href=\"https:\/\/enriquebonetlh.com\/index.php\/noticias\/\" class=\"elementor-item\" tabindex=\"-1\">Noticias<\/a><\/li>\n<\/ul>\t\t\t<\/nav>\n\t\t\t\t\t\t<\/div>\n\t\t\t\t\t<\/div>\n\t\t\t\t<\/div>\n\t\t<div class=\"elementor-element elementor-element-102f4c79 e-con-full e-flex e-con e-parent\" data-id=\"102f4c79\" data-element_type=\"container\" data-e-type=\"container\">\n\t\t<div class=\"elementor-element elementor-element-6f4872cb e-con-full e-flex e-con e-child\" data-id=\"6f4872cb\" data-element_type=\"container\" data-e-type=\"container\">\n\t\t<div class=\"elementor-element elementor-element-48eafe6 e-con-full e-flex e-con e-child\" data-id=\"48eafe6\" data-element_type=\"container\" data-e-type=\"container\">\n\t\t\t\t<div class=\"elementor-element elementor-element-4775c58e elementor-widget elementor-widget-heading\" data-id=\"4775c58e\" data-element_type=\"widget\" data-e-type=\"widget\" data-widget_type=\"heading.default\">\n\t\t\t\t\t<h1 class=\"elementor-heading-title elementor-size-default\">Elaboraci\u00f3n<\/h1>\t\t\t\t<\/div>\n\t\t\t\t<div class=\"elementor-element elementor-element-7ede83c elementor-widget__width-initial elementor-widget elementor-widget-text-editor\" data-id=\"7ede83c\" data-element_type=\"widget\" data-e-type=\"widget\" data-widget_type=\"text-editor.default\">\n\t\t\t\t\t\t\t\t\t<p>Se realiza de forma manual en cajas de 15 kg. Las uvas se despalillan directamente, combinando Tinto Fino, Garnacha y las variedades blancas. Posteriormente, se lleva a cabo una maceraci\u00f3n en fr\u00edo durante siete d\u00edas con nieve carb\u00f3nica, con una maceraci\u00f3n total de unos quince d\u00edas mediante \u00a0bazuqueos manuales.<\/p>\t\t\t\t\t\t\t\t<\/div>\n\t\t\t\t<div class=\"elementor-element elementor-element-acc557a elementor-widget-mobile__width-inherit elementor-invisible elementor-widget elementor-widget-button\" data-id=\"acc557a\" data-element_type=\"widget\" data-e-type=\"widget\" data-settings=\"{&quot;_animation&quot;:&quot;fadeInDown&quot;}\" data-widget_type=\"button.default\">\n\t\t\t\t\t\t\t\t\t\t<a class=\"elementor-button elementor-button-link elementor-size-sm elementor-animation-sink\" href=\"https:\/\/enriquebonetlh.com\/index.php\/lavendimia\/\">\n\t\t\t\t\t\t<span class=\"elementor-button-content-wrapper\">\n\t\t\t\t\t\t\t\t\t<span class=\"elementor-button-text\">La Vendimia<\/span>\n\t\t\t\t\t<\/span>\n\t\t\t\t\t<\/a>\n\t\t\t\t\t\t\t\t<\/div>\n\t\t\t\t<\/div>\n\t\t\t\t<\/div>\n\t\t<div class=\"elementor-element elementor-element-5464f27d e-con-full e-flex e-con e-child\" data-id=\"5464f27d\" data-element_type=\"container\" data-e-type=\"container\" data-settings=\"{&quot;background_background&quot;:&quot;classic&quot;}\">\n\t\t\t\t<\/div>\n\t\t\t\t<\/div>\n\t\t<div class=\"elementor-element elementor-element-162a32d1 e-flex e-con-boxed e-con e-parent\" data-id=\"162a32d1\" data-element_type=\"container\" data-e-type=\"container\">\n\t\t\t\t\t<div class=\"e-con-inner\">\n\t\t<div class=\"elementor-element elementor-element-6cb1ad25 e-con-full e-flex e-con e-child\" data-id=\"6cb1ad25\" data-element_type=\"container\" data-e-type=\"container\">\n\t\t\t\t<div class=\"elementor-element elementor-element-efb2a35 elementor-widget elementor-widget-heading\" data-id=\"efb2a35\" data-element_type=\"widget\" data-e-type=\"widget\" data-widget_type=\"heading.default\">\n\t\t\t\t\t<h2 class=\"elementor-heading-title elementor-size-default\">El prensado<\/h2>\t\t\t\t<\/div>\n\t\t\t\t<div class=\"elementor-element elementor-element-ad4a2e3 elementor-widget elementor-widget-text-editor\" data-id=\"ad4a2e3\" data-element_type=\"widget\" data-e-type=\"widget\" data-widget_type=\"text-editor.default\">\n\t\t\t\t\t\t\t\t\t<p>El prensado se realiza con una prensa vertical, con el objetivo de preservar al m\u00e1ximo la calidad y la finura del tanino<\/p>\t\t\t\t\t\t\t\t<\/div>\n\t\t\t\t<\/div>\n\t\t<div class=\"elementor-element elementor-element-319440fb e-con-full e-flex e-con e-child\" data-id=\"319440fb\" data-element_type=\"container\" data-e-type=\"container\">\n\t\t\t\t<div class=\"elementor-element elementor-element-6f545b8a elementor-widget elementor-widget-heading\" data-id=\"6f545b8a\" data-element_type=\"widget\" data-e-type=\"widget\" data-widget_type=\"heading.default\">\n\t\t\t\t\t<h3 class=\"elementor-heading-title elementor-size-default\">El Reposo<\/h3>\t\t\t\t<\/div>\n\t\t\t\t<div class=\"elementor-element elementor-element-1bbf40fc elementor-widget elementor-widget-text-editor\" data-id=\"1bbf40fc\" data-element_type=\"widget\" data-e-type=\"widget\" data-widget_type=\"text-editor.default\">\n\t\t\t\t\t\t\t\t\t<p>Permanece en barricas de roble franc\u00e9s de segundo a\u00f1o, con un tostado medio-ligero, durante un periodo de 16 meses.<\/p>\t\t\t\t\t\t\t\t<\/div>\n\t\t\t\t<\/div>\n\t\t<div class=\"elementor-element elementor-element-25109487 e-con-full e-flex e-con e-child\" data-id=\"25109487\" data-element_type=\"container\" data-e-type=\"container\">\n\t\t\t\t<div class=\"elementor-element elementor-element-5a5a3f28 elementor-widget elementor-widget-heading\" data-id=\"5a5a3f28\" data-element_type=\"widget\" data-e-type=\"widget\" data-widget_type=\"heading.default\">\n\t\t\t\t\t<h3 class=\"elementor-heading-title elementor-size-default\">Nota de cata<\/h3>\t\t\t\t<\/div>\n\t\t\t\t<div class=\"elementor-element elementor-element-093b95c elementor-widget elementor-widget-text-editor\" data-id=\"093b95c\" data-element_type=\"widget\" data-e-type=\"widget\" data-widget_type=\"text-editor.default\">\n\t\t\t\t\t\t\t\t\t<p>Color: Cereza con borde viol\u00e1ceo<\/p><p>Nariz: Floral con matices de fruta roja<\/p><p>Boca: Vino de tanino sedoso con gran profundidad y frescura<\/p>\t\t\t\t\t\t\t\t<\/div>\n\t\t\t\t<\/div>\n\t\t\t\t\t<\/div>\n\t\t\t\t<\/div>\n\t\t<div class=\"elementor-element elementor-element-173062f4 e-flex e-con-boxed e-con e-parent\" data-id=\"173062f4\" data-element_type=\"container\" data-e-type=\"container\">\n\t\t\t\t\t<div class=\"e-con-inner\">\n\t\t\t\t<div class=\"elementor-element elementor-element-67bcb934 elementor-widget__width-initial elementor-widget elementor-widget-text-editor\" data-id=\"67bcb934\" data-element_type=\"widget\" data-e-type=\"widget\" data-widget_type=\"text-editor.default\">\n\t\t\t\t\t\t\t\t\t<p>\u00a0 <\/p>\t\t\t\t\t\t\t\t<\/div>\n\t\t\t\t<div class=\"elementor-element elementor-element-2f70cd3e e-grid-align-right e-grid-align-mobile-center elementor-shape-rounded elementor-grid-0 elementor-widget elementor-widget-social-icons\" data-id=\"2f70cd3e\" data-element_type=\"widget\" data-e-type=\"widget\" data-widget_type=\"social-icons.default\">\n\t\t\t\t\t\t\t<div class=\"elementor-social-icons-wrapper elementor-grid\">\n\t\t\t\t\t\t\t<span class=\"elementor-grid-item\">\n\t\t\t\t\t<a class=\"elementor-icon elementor-social-icon elementor-social-icon-instagram elementor-animation-push elementor-repeater-item-ee5d380\" href=\"https:\/\/www.instagram.com\/enriquebonet.lh\/\" target=\"_blank\">\n\t\t\t\t\t\t<span class=\"elementor-screen-only\">Instagram<\/span>\n\t\t\t\t\t\t<svg aria-hidden=\"true\" class=\"e-font-icon-svg e-fab-instagram\" viewBox=\"0 0 448 512\" xmlns=\"http:\/\/www.w3.org\/2000\/svg\"><path d=\"M224.1 141c-63.6 0-114.9 51.3-114.9 114.9s51.3 114.9 114.9 114.9S339 319.5 339 255.9 287.7 141 224.1 141zm0 189.6c-41.1 0-74.7-33.5-74.7-74.7s33.5-74.7 74.7-74.7 74.7 33.5 74.7 74.7-33.6 74.7-74.7 74.7zm146.4-194.3c0 14.9-12 26.8-26.8 26.8-14.9 0-26.8-12-26.8-26.8s12-26.8 26.8-26.8 26.8 12 26.8 26.8zm76.1 27.2c-1.7-35.9-9.9-67.7-36.2-93.9-26.2-26.2-58-34.4-93.9-36.2-37-2.1-147.9-2.1-184.9 0-35.8 1.7-67.6 9.9-93.9 36.1s-34.4 58-36.2 93.9c-2.1 37-2.1 147.9 0 184.9 1.7 35.9 9.9 67.7 36.2 93.9s58 34.4 93.9 36.2c37 2.1 147.9 2.1 184.9 0 35.9-1.7 67.7-9.9 93.9-36.2 26.2-26.2 34.4-58 36.2-93.9 2.1-37 2.1-147.8 0-184.8zM398.8 388c-7.8 19.6-22.9 34.7-42.6 42.6-29.5 11.7-99.5 9-132.1 9s-102.7 2.6-132.1-9c-19.6-7.8-34.7-22.9-42.6-42.6-11.7-29.5-9-99.5-9-132.1s-2.6-102.7 9-132.1c7.8-19.6 22.9-34.7 42.6-42.6 29.5-11.7 99.5-9 132.1-9s102.7-2.6 132.1 9c19.6 7.8 34.7 22.9 42.6 42.6 11.7 29.5 9 99.5 9 132.1s2.7 102.7-9 132.1z\"><\/path><\/svg>\t\t\t\t\t<\/a>\n\t\t\t\t<\/span>\n\t\t\t\t\t<\/div>\n\t\t\t\t\t\t<\/div>\n\t\t\t\t<div class=\"elementor-element elementor-element-70d1f50f elementor-widget elementor-widget-text-editor\" data-id=\"70d1f50f\" data-element_type=\"widget\" data-e-type=\"widget\" data-widget_type=\"text-editor.default\">\n\t\t\t\t\t\t\t\t\t\u00a9 2026 Enrique Bonet. All Rights Reserved.\t\t\t\t\t\t\t\t<\/div>\n\t\t\t\t\t<\/div>\n\t\t\t\t<\/div>\n\t\t\t\t<\/div>\n\t\t","protected":false},"excerpt":{"rendered":"<p>Elaboraci\u00f3n Se realiza de forma manual en cajas de 15 kg. Las uvas se despalillan directamente, combinando Tinto Fino, Garnacha y las variedades blancas. Posteriormente, se lleva a cabo una maceraci\u00f3n en fr\u00edo durante siete d\u00edas con nieve carb\u00f3nica, con una maceraci\u00f3n total de unos quince d\u00edas mediante \u00a0bazuqueos manuales. La Vendimia El prensado El [&hellip;]<\/p>\n","protected":false},"author":1,"featured_media":34,"parent":0,"menu_order":0,"comment_status":"closed","ping_status":"closed","template":"elementor_header_footer","meta":{"footnotes":""},"class_list":["post-26","page","type-page","status-publish","has-post-thumbnail","hentry"],"_links":{"self":[{"href":"https:\/\/enriquebonetlh.com\/index.php\/wp-json\/wp\/v2\/pages\/26","targetHints":{"allow":["GET"]}}],"collection":[{"href":"https:\/\/enriquebonetlh.com\/index.php\/wp-json\/wp\/v2\/pages"}],"about":[{"href":"https:\/\/enriquebonetlh.com\/index.php\/wp-json\/wp\/v2\/types\/page"}],"author":[{"embeddable":true,"href":"https:\/\/enriquebonetlh.com\/index.php\/wp-json\/wp\/v2\/users\/1"}],"replies":[{"embeddable":true,"href":"https:\/\/enriquebonetlh.com\/index.php\/wp-json\/wp\/v2\/comments?post=26"}],"version-history":[{"count":29,"href":"https:\/\/enriquebonetlh.com\/index.php\/wp-json\/wp\/v2\/pages\/26\/revisions"}],"predecessor-version":[{"id":336,"href":"https:\/\/enriquebonetlh.com\/index.php\/wp-json\/wp\/v2\/pages\/26\/revisions\/336"}],"wp:featuredmedia":[{"embeddable":true,"href":"https:\/\/enriquebonetlh.com\/index.php\/wp-json\/wp\/v2\/media\/34"}],"wp:attachment":[{"href":"https:\/\/enriquebonetlh.com\/index.php\/wp-json\/wp\/v2\/media?parent=26"}],"curies":[{"name":"wp","href":"https:\/\/api.w.org\/{rel}","templated":true}]}}